{"id":215,"date":"2016-12-12T21:37:09","date_gmt":"2016-12-12T21:37:09","guid":{"rendered":"http:\/\/www.ccg.com.ar\/?page_id=215"},"modified":"2022-03-30T20:09:27","modified_gmt":"2022-03-30T20:09:27","slug":"ccg-leds","status":"publish","type":"page","link":"http:\/\/www.ccg.com.ar\/?page_id=215","title":{"rendered":"CCG LEDS"},"content":{"rendered":"<p>[et_pb_section admin_label=\u00bbSecci\u00f3n\u00bb transparent_background=\u00bboff\u00bb allow_player_pause=\u00bboff\u00bb inner_shadow=\u00bboff\u00bb parallax=\u00bboff\u00bb parallax_method=\u00bbon\u00bb padding_mobile=\u00bboff\u00bb make_fullwidth=\u00bboff\u00bb use_custom_width=\u00bboff\u00bb width_unit=\u00bboff\u00bb custom_width_px=\u00bb1080px\u00bb custom_width_percent=\u00bb80%\u00bb make_equal=\u00bboff\u00bb use_custom_gutter=\u00bboff\u00bb fullwidth=\u00bbon\u00bb specialty=\u00bboff\u00bb disabled=\u00bboff\u00bb][et_pb_fullwidth_slider admin_label=\u00bbControl deslizante de anchura completa\u00bb show_arrows=\u00bboff\u00bb show_pagination=\u00bboff\u00bb auto=\u00bboff\u00bb auto_speed=\u00bb7000&#8243; auto_ignore_hover=\u00bboff\u00bb parallax=\u00bbon\u00bb parallax_method=\u00bboff\u00bb remove_inner_shadow=\u00bboff\u00bb background_position=\u00bbdefault\u00bb background_size=\u00bbdefault\u00bb hide_content_on_mobile=\u00bboff\u00bb hide_cta_on_mobile=\u00bboff\u00bb show_image_video_mobile=\u00bboff\u00bb custom_button=\u00bboff\u00bb button_letter_spacing=\u00bb0&#8243; button_use_icon=\u00bbdefault\u00bb button_icon_placement=\u00bbright\u00bb button_on_hover=\u00bbon\u00bb button_letter_spacing_hover=\u00bb0&#8243; disabled=\u00bboff\u00bb] [et_pb_slide button_link=\u00bb#\u00bb background_image=\u00bbhttp:\/\/www.ccg.com.ar\/wp-content\/uploads\/2016\/12\/20151123_144841.jpg\u00bb background_position=\u00bbcenter\u00bb background_size=\u00bbcover\u00bb background_color=\u00bb#ffffff\u00bb use_bg_overlay=\u00bboff\u00bb use_text_overlay=\u00bboff\u00bb alignment=\u00bbcenter\u00bb background_layout=\u00bbdark\u00bb allow_player_pause=\u00bboff\u00bb text_border_radius=\u00bb3&#8243; header_font=\u00bb||||\u00bb body_font=\u00bb||||\u00bb custom_button=\u00bboff\u00bb button_font=\u00bb||||\u00bb button_use_icon=\u00bbdefault\u00bb button_icon_placement=\u00bbright\u00bb button_on_hover=\u00bbon\u00bb disabled=\u00bboff\u00bb header_font_select=\u00bbdefault\u00bb body_font_select=\u00bbdefault\u00bb button_font_select=\u00bbdefault\u00bb]<\/p>\n<h4 style=\"text-align: center;\"><\/h4>\n<h4 style=\"text-align: center;\"><\/h4>\n<h4 style=\"text-align: center;\"><img loading=\"lazy\" class=\"wp-image-265 alignright\" src=\"http:\/\/www.ccg.com.ar\/wp-content\/uploads\/2016\/12\/Diapo_CCG_Leds-300x89.png\" width=\"700\" height=\"207\" srcset=\"http:\/\/www.ccg.com.ar\/wp-content\/uploads\/2016\/12\/Diapo_CCG_Leds-300x89.png 300w, http:\/\/www.ccg.com.ar\/wp-content\/uploads\/2016\/12\/Diapo_CCG_Leds-768x227.png 768w, http:\/\/www.ccg.com.ar\/wp-content\/uploads\/2016\/12\/Diapo_CCG_Leds-1024x303.png 1024w, http:\/\/www.ccg.com.ar\/wp-content\/uploads\/2016\/12\/Diapo_CCG_Leds-1080x319.png 1080w\" sizes=\"(max-width: 700px) 100vw, 700px\" \/><\/h4>\n<p>&nbsp;<\/p>\n<p>&nbsp;<\/p>\n<p>&nbsp;<\/p>\n<p>&nbsp;<\/p>\n<p>&nbsp;<\/p>\n<p>&nbsp;<\/p>\n<p>&nbsp;<\/p>\n<p>&nbsp;<\/p>\n<p>[\/et_pb_slide] [\/et_pb_fullwidth_slider][\/et_pb_section][et_pb_section admin_label=\u00bbsection\u00bb transparent_background=\u00bboff\u00bb allow_player_pause=\u00bboff\u00bb inner_shadow=\u00bboff\u00bb parallax=\u00bboff\u00bb parallax_method=\u00bbon\u00bb padding_mobile=\u00bboff\u00bb make_fullwidth=\u00bboff\u00bb use_custom_width=\u00bboff\u00bb width_unit=\u00bboff\u00bb custom_width_px=\u00bb1080px\u00bb custom_width_percent=\u00bb80%\u00bb make_equal=\u00bboff\u00bb use_custom_gutter=\u00bboff\u00bb fullwidth=\u00bboff\u00bb specialty=\u00bboff\u00bb disabled=\u00bboff\u00bb][et_pb_row admin_label=\u00bbFila\u00bb make_fullwidth=\u00bboff\u00bb use_custom_width=\u00bboff\u00bb width_unit=\u00bboff\u00bb custom_width_px=\u00bb1080px\u00bb custom_width_percent=\u00bb80%\u00bb use_custom_gutter=\u00bboff\u00bb gutter_width=\u00bb3&#8243; padding_mobile=\u00bboff\u00bb allow_player_pause=\u00bboff\u00bb parallax=\u00bboff\u00bb parallax_method=\u00bbon\u00bb make_equal=\u00bboff\u00bb column_padding_mobile=\u00bbon\u00bb parallax_1=\u00bboff\u00bb parallax_method_1=\u00bbon\u00bb parallax_2=\u00bboff\u00bb parallax_method_2=\u00bbon\u00bb parallax_3=\u00bboff\u00bb parallax_method_3=\u00bbon\u00bb parallax_4=\u00bboff\u00bb parallax_method_4=\u00bbon\u00bb disabled=\u00bboff\u00bb][et_pb_column type=\u00bb4_4&#8243;][et_pb_text admin_label=\u00bbTexto\u00bb background_layout=\u00bblight\u00bb text_orientation=\u00bbcenter\u00bb use_border_color=\u00bboff\u00bb border_style=\u00bbsolid\u00bb disabled=\u00bboff\u00bb border_color=\u00bb#ffffff\u00bb]<\/p>\n<h2 style=\"text-align: left;\"><strong>\u232a<\/strong><strong>CCG LEDs<\/strong> es una empresa del grupo <strong>CCG Electr\u00f3nica S.A<\/strong><\/h2>\n<p>Brindamos servicios de iluminaci\u00f3n led a domicilios particulares, empresas, y entidades del sector p\u00fablico. Dise\u00f1amos y fabricamos luminarias a medida con altos est\u00e1ndares de calidad, con materia prima de primera l\u00ednea, optimizando la iluminaci\u00f3n y contribuyendo al desarrollo sustentable.<\/p>\n<p>[\/et_pb_text][\/et_pb_column][\/et_pb_row][et_pb_row admin_label=\u00bbFila\u00bb make_fullwidth=\u00bboff\u00bb use_custom_width=\u00bboff\u00bb width_unit=\u00bboff\u00bb custom_width_px=\u00bb1080px\u00bb custom_width_percent=\u00bb80%\u00bb use_custom_gutter=\u00bboff\u00bb gutter_width=\u00bb3&#8243; padding_mobile=\u00bboff\u00bb allow_player_pause=\u00bboff\u00bb parallax=\u00bboff\u00bb parallax_method=\u00bbon\u00bb make_equal=\u00bboff\u00bb column_padding_mobile=\u00bbon\u00bb parallax_1=\u00bboff\u00bb parallax_method_1=\u00bbon\u00bb parallax_2=\u00bboff\u00bb parallax_method_2=\u00bbon\u00bb parallax_3=\u00bboff\u00bb parallax_method_3=\u00bbon\u00bb parallax_4=\u00bboff\u00bb parallax_method_4=\u00bbon\u00bb disabled=\u00bboff\u00bb][et_pb_column type=\u00bb4_4&#8243;][et_pb_divider admin_label=\u00bbSeparador\u00bb color=\u00bb#e5e5e5&#8243; show_divider=\u00bbon\u00bb divider_style=\u00bbsolid\u00bb divider_position=\u00bbtop\u00bb divider_weight=\u00bb1px\u00bb hide_on_mobile=\u00bbon\u00bb disabled=\u00bboff\u00bb] [\/et_pb_divider][\/et_pb_column][\/et_pb_row][et_pb_row admin_label=\u00bbFila\u00bb make_fullwidth=\u00bboff\u00bb use_custom_width=\u00bboff\u00bb width_unit=\u00bboff\u00bb custom_width_px=\u00bb1080px\u00bb custom_width_percent=\u00bb80%\u00bb use_custom_gutter=\u00bboff\u00bb gutter_width=\u00bb3&#8243; padding_mobile=\u00bboff\u00bb allow_player_pause=\u00bboff\u00bb parallax=\u00bboff\u00bb parallax_method=\u00bbon\u00bb make_equal=\u00bboff\u00bb column_padding_mobile=\u00bbon\u00bb parallax_1=\u00bboff\u00bb parallax_method_1=\u00bbon\u00bb parallax_2=\u00bboff\u00bb parallax_method_2=\u00bbon\u00bb parallax_3=\u00bboff\u00bb parallax_method_3=\u00bbon\u00bb parallax_4=\u00bboff\u00bb parallax_method_4=\u00bbon\u00bb disabled=\u00bboff\u00bb][et_pb_column type=\u00bb1_3&#8243;][et_pb_image admin_label=\u00bbImagen\u00bb src=\u00bbhttp:\/\/www.ccg.com.ar\/wp-content\/uploads\/2016\/12\/ICONO_01.png\u00bb show_in_lightbox=\u00bboff\u00bb url_new_window=\u00bboff\u00bb use_overlay=\u00bboff\u00bb animation=\u00bbbottom\u00bb sticky=\u00bboff\u00bb align=\u00bbcenter\u00bb force_fullwidth=\u00bboff\u00bb always_center_on_mobile=\u00bbon\u00bb use_border_color=\u00bboff\u00bb border_color=\u00bb#ffffff\u00bb border_width=\u00bb1px\u00bb border_style=\u00bbsolid\u00bb disabled=\u00bboff\u00bb] [\/et_pb_image][et_pb_text admin_label=\u00bbTexto\u00bb background_layout=\u00bblight\u00bb text_orientation=\u00bbleft\u00bb text_line_height=\u00bb1.6em\u00bb use_border_color=\u00bboff\u00bb border_color=\u00bb#bababa\u00bb border_style=\u00bbsolid\u00bb custom_margin=\u00bb5px|5px|5px|5px\u00bb disabled=\u00bboff\u00bb]<\/p>\n<h4 style=\"text-align: left;\"><span style=\"color: #ec2127;\"><strong>\u232aMAYOR&nbsp;EFICACIA<\/strong><\/span><\/h4>\n<p style=\"text-align: left;\"><span style=\"color: #808080;\">Los LEDs consumen entre el 80-90% menos de electricidad. Adem\u00e1s, al contrario de las bombillas tradicionales no desprenden calor lo que evita el desperdicio de energ\u00eda y permite su uso en lugares peque\u00f1os.<\/span><\/p>\n<p>[\/et_pb_text][\/et_pb_column][et_pb_column type=\u00bb1_3&#8243;][et_pb_image admin_label=\u00bbImagen\u00bb src=\u00bbhttp:\/\/www.ccg.com.ar\/wp-content\/uploads\/2016\/12\/ICONO_02.png\u00bb show_in_lightbox=\u00bboff\u00bb url_new_window=\u00bboff\u00bb use_overlay=\u00bboff\u00bb animation=\u00bbbottom\u00bb sticky=\u00bboff\u00bb align=\u00bbcenter\u00bb force_fullwidth=\u00bboff\u00bb always_center_on_mobile=\u00bbon\u00bb use_border_color=\u00bboff\u00bb border_color=\u00bb#ffffff\u00bb border_width=\u00bb1px\u00bb border_style=\u00bbsolid\u00bb disabled=\u00bboff\u00bb] [\/et_pb_image][et_pb_text admin_label=\u00bbTexto\u00bb background_layout=\u00bblight\u00bb text_orientation=\u00bbleft\u00bb text_line_height=\u00bb1.6em\u00bb use_border_color=\u00bboff\u00bb border_style=\u00bbsolid\u00bb disabled=\u00bboff\u00bb]<\/p>\n<h4 style=\"text-align: left;\"><span style=\"color: #ec2127;\"><strong>\u232aMAYOR VIDA \u00daTIL<\/strong><\/span><\/h4>\n<p style=\"text-align: left;\"><span style=\"color: #808080;\">La vida media de una l\u00e1mpara LED se sit\u00faa entorno a las 45.000 horas frente a las 2.000 horas que una bombilla est\u00e1ndar ofrece. Con una l\u00e1mpara LED tendr\u00edamos cinco a\u00f1os de luz continuada, 24 horas al d\u00eda y 7 d\u00edas a la semana; frente a los 83 d\u00edas de la bombilla est\u00e1ndar.<\/span><\/p>\n<p>[\/et_pb_text][\/et_pb_column][et_pb_column type=\u00bb1_3&#8243;][et_pb_image admin_label=\u00bbImagen\u00bb src=\u00bbhttp:\/\/www.ccg.com.ar\/wp-content\/uploads\/2016\/12\/ICONO_03.png\u00bb show_in_lightbox=\u00bboff\u00bb url_new_window=\u00bboff\u00bb use_overlay=\u00bboff\u00bb animation=\u00bbbottom\u00bb sticky=\u00bboff\u00bb align=\u00bbcenter\u00bb force_fullwidth=\u00bboff\u00bb always_center_on_mobile=\u00bbon\u00bb use_border_color=\u00bboff\u00bb border_color=\u00bb#ffffff\u00bb border_width=\u00bb1px\u00bb border_style=\u00bbsolid\u00bb disabled=\u00bboff\u00bb] [\/et_pb_image][et_pb_text admin_label=\u00bbTexto\u00bb background_layout=\u00bblight\u00bb text_orientation=\u00bbleft\u00bb text_line_height=\u00bb1.6em\u00bb use_border_color=\u00bboff\u00bb border_style=\u00bbsolid\u00bb disabled=\u00bboff\u00bb]<\/p>\n<h4 style=\"text-align: left;\"><span style=\"color: #ec2127;\"><strong>\u232aSON M\u00c1S ECOL\u00d3GICAS<\/strong><\/span><\/h4>\n<p><span style=\"color: #808080;\">Las bombillas normales contienen tungsteno y los fluorescentes mercurio, productos t\u00f3xicos. Los LED son reciclables y cumplen con la normativa europea RoHS de sustancias contaminantes.<\/span><\/p>\n<p>[\/et_pb_text][\/et_pb_column][\/et_pb_row][et_pb_row admin_label=\u00bbFila\u00bb make_fullwidth=\u00bboff\u00bb use_custom_width=\u00bboff\u00bb width_unit=\u00bboff\u00bb custom_width_px=\u00bb1080px\u00bb custom_width_percent=\u00bb80%\u00bb use_custom_gutter=\u00bboff\u00bb gutter_width=\u00bb3&#8243; padding_mobile=\u00bboff\u00bb allow_player_pause=\u00bboff\u00bb parallax=\u00bboff\u00bb parallax_method=\u00bbon\u00bb make_equal=\u00bboff\u00bb column_padding_mobile=\u00bbon\u00bb parallax_1=\u00bboff\u00bb parallax_method_1=\u00bbon\u00bb parallax_2=\u00bboff\u00bb parallax_method_2=\u00bbon\u00bb parallax_3=\u00bboff\u00bb parallax_method_3=\u00bbon\u00bb parallax_4=\u00bboff\u00bb parallax_method_4=\u00bbon\u00bb disabled=\u00bboff\u00bb][et_pb_column type=\u00bb4_4&#8243;][et_pb_divider admin_label=\u00bbSeparador\u00bb color=\u00bb#e5e5e5&#8243; show_divider=\u00bbon\u00bb divider_style=\u00bbsolid\u00bb divider_position=\u00bbtop\u00bb divider_weight=\u00bb1px\u00bb hide_on_mobile=\u00bbon\u00bb disabled=\u00bboff\u00bb] [\/et_pb_divider][\/et_pb_column][\/et_pb_row][et_pb_row admin_label=\u00bbFila\u00bb make_fullwidth=\u00bboff\u00bb use_custom_width=\u00bboff\u00bb width_unit=\u00bbon\u00bb custom_width_px=\u00bb1080px\u00bb custom_width_percent=\u00bb80%\u00bb use_custom_gutter=\u00bboff\u00bb gutter_width=\u00bb3&#8243; padding_mobile=\u00bboff\u00bb allow_player_pause=\u00bboff\u00bb parallax=\u00bboff\u00bb parallax_method=\u00bboff\u00bb make_equal=\u00bboff\u00bb column_padding_mobile=\u00bbon\u00bb parallax_1=\u00bboff\u00bb parallax_method_1=\u00bboff\u00bb parallax_2=\u00bboff\u00bb parallax_method_2=\u00bboff\u00bb parallax_3=\u00bboff\u00bb parallax_method_3=\u00bbon\u00bb parallax_4=\u00bboff\u00bb parallax_method_4=\u00bbon\u00bb disabled=\u00bboff\u00bb][et_pb_column type=\u00bb1_3&#8243;][et_pb_text admin_label=\u00bbTexto\u00bb background_layout=\u00bblight\u00bb text_orientation=\u00bbleft\u00bb text_line_height=\u00bb1.6em\u00bb use_border_color=\u00bboff\u00bb border_style=\u00bbsolid\u00bb disabled=\u00bboff\u00bb border_color=\u00bb#ffffff\u00bb]<\/p>\n<h2 style=\"text-align: left;\"><span style=\"color: #333333;\"><strong>\u232aServicio de Iluminaci\u00f3n<\/strong><\/span><\/h2>\n<p>CCG LEDS ofrece a cada cliente una soluci\u00f3n a medida para iluminar de manera eficiente cualquier espacio interior o exterior, sea un edificio o local comercial, la v\u00eda p\u00fablica o bien un domicilio particular. Adem\u00e1s de fabricar y colocar las luminarias, trabajamos en adaptar las preexistentes para aprovechar al m\u00e1ximo los recursos y ofrecer un servicio de calidad al alcance de todo interesado.<\/p>\n<p>&nbsp;<\/p>\n<p>[\/et_pb_text][et_pb_divider admin_label=\u00bbSeparador\u00bb color=\u00bb#d8d8d8&#8243; show_divider=\u00bbon\u00bb height=\u00bb13&#8243; divider_style=\u00bbsolid\u00bb divider_position=\u00bbtop\u00bb hide_on_mobile=\u00bbon\u00bb disabled=\u00bboff\u00bb] [\/et_pb_divider][et_pb_button admin_label=\u00bbBot\u00f3n\u00bb url_new_window=\u00bboff\u00bb button_text=\u00bbCONTACTAR CON CCG LEDs\u00bb button_alignment=\u00bbleft\u00bb background_layout=\u00bblight\u00bb custom_button=\u00bbon\u00bb button_text_color=\u00bb#ffffff\u00bb button_bg_color=\u00bb#ed1c24&#8243; button_border_width=\u00bb1px\u00bb button_border_color=\u00bb#ffffff\u00bb button_border_radius=\u00bb4px\u00bb button_letter_spacing=\u00bb0px\u00bb button_use_icon=\u00bbdefault\u00bb button_icon=\u00bb%%190%%\u00bb button_icon_placement=\u00bbright\u00bb button_on_hover=\u00bbon\u00bb button_border_radius_hover=\u00bb4&#8243; button_letter_spacing_hover=\u00bb0&#8243; disabled=\u00bboff\u00bb button_url=\u00bbhttp:\/\/www.ccg.com.ar\/?page_id=215&#8243;] [\/et_pb_button][\/et_pb_column][et_pb_column type=\u00bb2_3&#8243;][et_pb_slider admin_label=\u00bbDeslizador\u00bb show_arrows=\u00bbon\u00bb show_pagination=\u00bbon\u00bb auto=\u00bbon\u00bb auto_speed=\u00bb7000&#8243; auto_ignore_hover=\u00bboff\u00bb parallax=\u00bboff\u00bb parallax_method=\u00bboff\u00bb remove_inner_shadow=\u00bboff\u00bb background_position=\u00bbdefault\u00bb background_size=\u00bbdefault\u00bb hide_content_on_mobile=\u00bboff\u00bb hide_cta_on_mobile=\u00bboff\u00bb show_image_video_mobile=\u00bboff\u00bb custom_button=\u00bboff\u00bb button_letter_spacing=\u00bb0&#8243; button_use_icon=\u00bbdefault\u00bb button_icon_placement=\u00bbright\u00bb button_on_hover=\u00bbon\u00bb button_letter_spacing_hover=\u00bb0&#8243; disabled=\u00bboff\u00bb] [et_pb_slide button_link=\u00bb#\u00bb background_image=\u00bbhttp:\/\/www.ccg.com.ar\/wp-content\/uploads\/2017\/01\/20150416_195628-e1484046082885.jpg\u00bb background_position=\u00bbdefault\u00bb background_size=\u00bbdefault\u00bb background_color=\u00bb#cccccc\u00bb use_bg_overlay=\u00bboff\u00bb use_text_overlay=\u00bboff\u00bb alignment=\u00bbcenter\u00bb background_layout=\u00bbdark\u00bb allow_player_pause=\u00bboff\u00bb text_border_radius=\u00bb3&#8243; header_font=\u00bb||||\u00bb body_font=\u00bb||||\u00bb custom_button=\u00bboff\u00bb button_font=\u00bb||||\u00bb button_use_icon=\u00bbdefault\u00bb button_icon_placement=\u00bbright\u00bb button_on_hover=\u00bbon\u00bb disabled=\u00bboff\u00bb header_font_select=\u00bbdefault\u00bb body_font_select=\u00bbdefault\u00bb button_font_select=\u00bbdefault\u00bb]<\/p>\n<h1 style=\"text-align: center;\"><\/h1>\n<h1 style=\"text-align: center;\"><\/h1>\n<h1 style=\"text-align: center;\"><\/h1>\n<h1 style=\"text-align: center;\"><img loading=\"lazy\" class=\"alignnone wp-image-314\" src=\"http:\/\/www.ccg.com.ar\/wp-content\/uploads\/2016\/12\/diapo_domicilios-particulares-300x22.png\" width=\"488\" height=\"35\" srcset=\"http:\/\/www.ccg.com.ar\/wp-content\/uploads\/2016\/12\/diapo_domicilios-particulares-300x22.png 300w, http:\/\/www.ccg.com.ar\/wp-content\/uploads\/2016\/12\/diapo_domicilios-particulares-768x55.png 768w, http:\/\/www.ccg.com.ar\/wp-content\/uploads\/2016\/12\/diapo_domicilios-particulares-1024x73.png 1024w, http:\/\/www.ccg.com.ar\/wp-content\/uploads\/2016\/12\/diapo_domicilios-particulares-1080x77.png 1080w, http:\/\/www.ccg.com.ar\/wp-content\/uploads\/2016\/12\/diapo_domicilios-particulares.png 1979w\" sizes=\"(max-width: 488px) 100vw, 488px\" \/><\/h1>\n<h1 style=\"text-align: center;\"><\/h1>\n<p>[\/et_pb_slide][et_pb_slide button_link=\u00bb#\u00bb background_image=\u00bbhttp:\/\/www.ccg.com.ar\/wp-content\/uploads\/2017\/01\/20161128_211624-e1483968859542.jpg\u00bb background_position=\u00bbdefault\u00bb background_size=\u00bbdefault\u00bb background_color=\u00bb#ffffff\u00bb use_bg_overlay=\u00bboff\u00bb use_text_overlay=\u00bboff\u00bb alignment=\u00bbcenter\u00bb background_layout=\u00bbdark\u00bb allow_player_pause=\u00bboff\u00bb text_border_radius=\u00bb3&#8243; header_font=\u00bb||||\u00bb body_font=\u00bb||||\u00bb custom_button=\u00bboff\u00bb button_font=\u00bb||||\u00bb button_use_icon=\u00bbdefault\u00bb button_icon_placement=\u00bbright\u00bb button_on_hover=\u00bbon\u00bb disabled=\u00bboff\u00bb header_font_select=\u00bbdefault\u00bb body_font_select=\u00bbdefault\u00bb button_font_select=\u00bbdefault\u00bb]<\/p>\n<p>&nbsp;<\/p>\n<p>&nbsp;<\/p>\n<p><img loading=\"lazy\" class=\"aligncenter wp-image-322\" src=\"http:\/\/www.ccg.com.ar\/wp-content\/uploads\/2016\/12\/Diapo_CCG_Leds_publicas-300x19.png\" width=\"559\" height=\"35\" srcset=\"http:\/\/www.ccg.com.ar\/wp-content\/uploads\/2016\/12\/Diapo_CCG_Leds_publicas-300x19.png 300w, http:\/\/www.ccg.com.ar\/wp-content\/uploads\/2016\/12\/Diapo_CCG_Leds_publicas-768x48.png 768w, http:\/\/www.ccg.com.ar\/wp-content\/uploads\/2016\/12\/Diapo_CCG_Leds_publicas-1024x64.png 1024w, http:\/\/www.ccg.com.ar\/wp-content\/uploads\/2016\/12\/Diapo_CCG_Leds_publicas-1080x68.png 1080w\" sizes=\"(max-width: 559px) 100vw, 559px\" \/><\/p>\n<p>&nbsp;<\/p>\n<p>[\/et_pb_slide][et_pb_slide button_link=\u00bb#\u00bb background_image=\u00bbhttp:\/\/www.ccg.com.ar\/wp-content\/uploads\/2017\/01\/20140317_195824.jpg\u00bb background_position=\u00bbdefault\u00bb background_size=\u00bbdefault\u00bb background_color=\u00bb#ffffff\u00bb use_bg_overlay=\u00bboff\u00bb use_text_overlay=\u00bboff\u00bb alignment=\u00bbcenter\u00bb background_layout=\u00bbdark\u00bb allow_player_pause=\u00bboff\u00bb text_border_radius=\u00bb3&#8243; header_font=\u00bb||||\u00bb body_font=\u00bb||||\u00bb custom_button=\u00bboff\u00bb button_font=\u00bb||||\u00bb button_use_icon=\u00bbdefault\u00bb button_icon_placement=\u00bbright\u00bb button_on_hover=\u00bbon\u00bb disabled=\u00bboff\u00bb header_font_select=\u00bbdefault\u00bb body_font_select=\u00bbdefault\u00bb button_font_select=\u00bbdefault\u00bb]<\/p>\n<p>&nbsp;<\/p>\n<p>&nbsp;<\/p>\n<p><img loading=\"lazy\" class=\"aligncenter wp-image-319\" src=\"http:\/\/www.ccg.com.ar\/wp-content\/uploads\/2016\/12\/Iconos-ccg-led_empresas-300x30.png\" width=\"349\" height=\"35\" srcset=\"http:\/\/www.ccg.com.ar\/wp-content\/uploads\/2016\/12\/Iconos-ccg-led_empresas-300x30.png 300w, http:\/\/www.ccg.com.ar\/wp-content\/uploads\/2016\/12\/Iconos-ccg-led_empresas-768x77.png 768w, http:\/\/www.ccg.com.ar\/wp-content\/uploads\/2016\/12\/Iconos-ccg-led_empresas-1024x103.png 1024w, http:\/\/www.ccg.com.ar\/wp-content\/uploads\/2016\/12\/Iconos-ccg-led_empresas-1080x108.png 1080w, http:\/\/www.ccg.com.ar\/wp-content\/uploads\/2016\/12\/Iconos-ccg-led_empresas.png 1455w\" sizes=\"(max-width: 349px) 100vw, 349px\" \/><\/p>\n<p>[\/et_pb_slide] [\/et_pb_slider][\/et_pb_column][\/et_pb_row][\/et_pb_section][et_pb_section admin_label=\u00bbSecci\u00f3n\u00bb transparent_background=\u00bboff\u00bb allow_player_pause=\u00bboff\u00bb inner_shadow=\u00bboff\u00bb parallax=\u00bboff\u00bb parallax_method=\u00bboff\u00bb padding_mobile=\u00bboff\u00bb make_fullwidth=\u00bboff\u00bb use_custom_width=\u00bboff\u00bb width_unit=\u00bbon\u00bb custom_width_px=\u00bb1080px\u00bb custom_width_percent=\u00bb80%\u00bb make_equal=\u00bboff\u00bb use_custom_gutter=\u00bboff\u00bb fullwidth=\u00bbon\u00bb specialty=\u00bboff\u00bb disabled=\u00bboff\u00bb][et_pb_fullwidth_header admin_label=\u00bbT\u00edtulo de anchura completa\u00bb title=\u00bbALGUNOS DE NUESTROS TRABAJOS\u00bb background_layout=\u00bblight\u00bb text_orientation=\u00bbcenter\u00bb header_fullscreen=\u00bboff\u00bb header_scroll_down=\u00bbon\u00bb scroll_down_icon=\u00bb%%8%%\u00bb scroll_down_icon_color=\u00bb#ffffff\u00bb title_font_color=\u00bb#ffffff\u00bb background_color=\u00bb#282828&#8243; parallax=\u00bboff\u00bb parallax_method=\u00bboff\u00bb content_orientation=\u00bbcenter\u00bb image_orientation=\u00bbcenter\u00bb custom_button_one=\u00bboff\u00bb button_one_letter_spacing=\u00bb0&#8243; button_one_use_icon=\u00bbdefault\u00bb button_one_icon_placement=\u00bbright\u00bb button_one_on_hover=\u00bbon\u00bb button_one_letter_spacing_hover=\u00bb0&#8243; custom_button_two=\u00bboff\u00bb button_two_letter_spacing=\u00bb0&#8243; button_two_use_icon=\u00bbdefault\u00bb button_two_icon_placement=\u00bbright\u00bb button_two_on_hover=\u00bbon\u00bb button_two_letter_spacing_hover=\u00bb0&#8243; disabled=\u00bboff\u00bb] [\/et_pb_fullwidth_header][et_pb_fullwidth_portfolio admin_label=\u00bbPortafolios de anchura completa\u00bb fullwidth=\u00bbon\u00bb show_title=\u00bbon\u00bb show_date=\u00bbon\u00bb background_layout=\u00bblight\u00bb auto=\u00bbon\u00bb auto_speed=\u00bb7000&#8243; use_border_color=\u00bboff\u00bb border_color=\u00bb#ffffff\u00bb border_style=\u00bbsolid\u00bb disabled=\u00bboff\u00bb hover_overlay_color=\u00bbrgba(255,255,255,0.9)\u00bb include_categories=\u00bb11,16,15,14,12,13&#8243;] [\/et_pb_fullwidth_portfolio][et_pb_fullwidth_header admin_label=\u00bbT\u00edtulo de anchura completa\u00bb background_layout=\u00bblight\u00bb text_orientation=\u00bbleft\u00bb header_fullscreen=\u00bboff\u00bb header_scroll_down=\u00bboff\u00bb background_color=\u00bb#282828&#8243; parallax=\u00bboff\u00bb parallax_method=\u00bboff\u00bb content_orientation=\u00bbcenter\u00bb image_orientation=\u00bbcenter\u00bb custom_button_one=\u00bboff\u00bb button_one_letter_spacing=\u00bb0&#8243; button_one_use_icon=\u00bbdefault\u00bb button_one_icon_placement=\u00bbright\u00bb button_one_on_hover=\u00bbon\u00bb button_one_letter_spacing_hover=\u00bb0&#8243; custom_button_two=\u00bboff\u00bb button_two_letter_spacing=\u00bb0&#8243; button_two_use_icon=\u00bbdefault\u00bb button_two_icon_placement=\u00bbright\u00bb button_two_on_hover=\u00bbon\u00bb button_two_letter_spacing_hover=\u00bb0&#8243;] [\/et_pb_fullwidth_header][\/et_pb_section]<\/p>\n","protected":false},"excerpt":{"rendered":"<p>[et_pb_section admin_label=\u00bbSecci\u00f3n\u00bb transparent_background=\u00bboff\u00bb allow_player_pause=\u00bboff\u00bb inner_shadow=\u00bboff\u00bb parallax=\u00bboff\u00bb parallax_method=\u00bbon\u00bb padding_mobile=\u00bboff\u00bb make_fullwidth=\u00bboff\u00bb use_custom_width=\u00bboff\u00bb width_unit=\u00bboff\u00bb custom_width_px=\u00bb1080px\u00bb custom_width_percent=\u00bb80%\u00bb make_equal=\u00bboff\u00bb use_custom_gutter=\u00bboff\u00bb fullwidth=\u00bbon\u00bb specialty=\u00bboff\u00bb disabled=\u00bboff\u00bb][et_pb_fullwidth_slider admin_label=\u00bbControl deslizante de anchura completa\u00bb show_arrows=\u00bboff\u00bb show_pagination=\u00bboff\u00bb auto=\u00bboff\u00bb auto_speed=\u00bb7000&#8243; auto_ignore_hover=\u00bboff\u00bb parallax=\u00bbon\u00bb parallax_method=\u00bboff\u00bb remove_inner_shadow=\u00bboff\u00bb background_position=\u00bbdefault\u00bb background_size=\u00bbdefault\u00bb hide_content_on_mobile=\u00bboff\u00bb hide_cta_on_mobile=\u00bboff\u00bb show_image_video_mobile=\u00bboff\u00bb custom_button=\u00bboff\u00bb button_letter_spacing=\u00bb0&#8243; button_use_icon=\u00bbdefault\u00bb button_icon_placement=\u00bbright\u00bb button_on_hover=\u00bbon\u00bb button_letter_spacing_hover=\u00bb0&#8243; disabled=\u00bboff\u00bb] [et_pb_slide button_link=\u00bb#\u00bb background_image=\u00bbhttp:\/\/www.ccg.com.ar\/wp-content\/uploads\/2016\/12\/20151123_144841.jpg\u00bb background_position=\u00bbcenter\u00bb background_size=\u00bbcover\u00bb background_color=\u00bb#ffffff\u00bb use_bg_overlay=\u00bboff\u00bb use_text_overlay=\u00bboff\u00bb alignment=\u00bbcenter\u00bb background_layout=\u00bbdark\u00bb allow_player_pause=\u00bboff\u00bb text_border_radius=\u00bb3&#8243; [&hellip;]<\/p>\n","protected":false},"author":1,"featured_media":0,"parent":0,"menu_order":0,"comment_status":"closed","ping_status":"closed","template":"","meta":[],"_links":{"self":[{"href":"http:\/\/www.ccg.com.ar\/index.php?rest_route=\/wp\/v2\/pages\/215"}],"collection":[{"href":"http:\/\/www.ccg.com.ar\/index.php?rest_route=\/wp\/v2\/pages"}],"about":[{"href":"http:\/\/www.ccg.com.ar\/index.php?rest_route=\/wp\/v2\/types\/page"}],"author":[{"embeddable":true,"href":"http:\/\/www.ccg.com.ar\/index.php?rest_route=\/wp\/v2\/users\/1"}],"replies":[{"embeddable":true,"href":"http:\/\/www.ccg.com.ar\/index.php?rest_route=%2Fwp%2Fv2%2Fcomments&post=215"}],"version-history":[{"count":169,"href":"http:\/\/www.ccg.com.ar\/index.php?rest_route=\/wp\/v2\/pages\/215\/revisions"}],"predecessor-version":[{"id":1164,"href":"http:\/\/www.ccg.com.ar\/index.php?rest_route=\/wp\/v2\/pages\/215\/revisions\/1164"}],"wp:attachment":[{"href":"http:\/\/www.ccg.com.ar\/index.php?rest_route=%2Fwp%2Fv2%2Fmedia&parent=215"}],"curies":[{"name":"wp","href":"https:\/\/api.w.org\/{rel}","templated":true}]}}