{"id":186,"date":"2016-12-12T15:11:20","date_gmt":"2016-12-12T15:11:20","guid":{"rendered":"http:\/\/www.ccg.com.ar\/?page_id=186"},"modified":"2017-01-26T17:58:23","modified_gmt":"2017-01-26T17:58:23","slug":"home","status":"publish","type":"page","link":"http:\/\/www.ccg.com.ar\/","title":{"rendered":"INICIO"},"content":{"rendered":"<p>[et_pb_section admin_label=\u00bbSecci\u00f3n\u00bb fullwidth=\u00bbon\u00bb specialty=\u00bboff\u00bb][et_pb_fullwidth_slider admin_label=\u00bbControl deslizante de anchura completa\u00bb show_arrows=\u00bbon\u00bb show_pagination=\u00bbon\u00bb auto=\u00bbon\u00bb auto_speed=\u00bb6000&#8243; auto_ignore_hover=\u00bboff\u00bb parallax=\u00bboff\u00bb parallax_method=\u00bboff\u00bb remove_inner_shadow=\u00bboff\u00bb background_position=\u00bbdefault\u00bb background_size=\u00bbdefault\u00bb hide_content_on_mobile=\u00bboff\u00bb hide_cta_on_mobile=\u00bboff\u00bb show_image_video_mobile=\u00bboff\u00bb custom_button=\u00bboff\u00bb button_letter_spacing=\u00bb0&#8243; button_use_icon=\u00bbdefault\u00bb button_icon_placement=\u00bbright\u00bb button_on_hover=\u00bbon\u00bb button_letter_spacing_hover=\u00bb0&#8243; disabled=\u00bboff\u00bb] [et_pb_slide background_image=\u00bbhttp:\/\/www.ccg.com.ar\/wp-content\/uploads\/2016\/12\/equipos_electronicos_ccg.jpg\u00bb background_position=\u00bbdefault\u00bb background_size=\u00bbcover\u00bb background_color=\u00bb#ffffff\u00bb use_bg_overlay=\u00bboff\u00bb use_text_overlay=\u00bboff\u00bb alignment=\u00bbcenter\u00bb background_layout=\u00bbdark\u00bb allow_player_pause=\u00bboff\u00bb text_border_radius=\u00bb3&#8243; header_font=\u00bb||||\u00bb body_font=\u00bb||||\u00bb custom_button=\u00bboff\u00bb button_font=\u00bb||||\u00bb button_use_icon=\u00bbdefault\u00bb button_icon_placement=\u00bbright\u00bb button_on_hover=\u00bbon\u00bb disabled=\u00bboff\u00bb header_font_select=\u00bbdefault\u00bb body_font_select=\u00bbdefault\u00bb button_font_select=\u00bbdefault\u00bb image=\u00bbhttp:\/\/www.ccg.com.ar\/wp-content\/uploads\/2016\/12\/equipos_electronicos_ccg_diapo.png\u00bb] [\/et_pb_slide][et_pb_slide background_image=\u00bbhttp:\/\/www.ccg.com.ar\/wp-content\/uploads\/2016\/12\/ccgleds_centro_de_estudios_2.jpg\u00bb background_position=\u00bbdefault\u00bb background_size=\u00bbcover\u00bb background_color=\u00bb#ffffff\u00bb use_bg_overlay=\u00bboff\u00bb use_text_overlay=\u00bboff\u00bb alignment=\u00bbcenter\u00bb background_layout=\u00bbdark\u00bb allow_player_pause=\u00bboff\u00bb text_border_radius=\u00bb3&#8243; header_font_select=\u00bbdefault\u00bb header_font=\u00bb||||\u00bb body_font_select=\u00bbdefault\u00bb body_font=\u00bb||||\u00bb custom_button=\u00bboff\u00bb button_font_select=\u00bbdefault\u00bb button_font=\u00bb||||\u00bb button_use_icon=\u00bbdefault\u00bb button_icon_placement=\u00bbright\u00bb button_on_hover=\u00bbon\u00bb]<\/p>\n<h1 style=\"text-align: center;\"><img loading=\"lazy\" class=\"aligncenter wp-image-943\" src=\"http:\/\/www.ccg.com.ar\/wp-content\/uploads\/2016\/12\/ccgleds_centro_de_estudios_2_diapo-300x22.png\" width=\"550\" height=\"39\" srcset=\"http:\/\/www.ccg.com.ar\/wp-content\/uploads\/2016\/12\/ccgleds_centro_de_estudios_2_diapo-300x22.png 300w, http:\/\/www.ccg.com.ar\/wp-content\/uploads\/2016\/12\/ccgleds_centro_de_estudios_2_diapo-768x55.png 768w, http:\/\/www.ccg.com.ar\/wp-content\/uploads\/2016\/12\/ccgleds_centro_de_estudios_2_diapo-1024x74.png 1024w, http:\/\/www.ccg.com.ar\/wp-content\/uploads\/2016\/12\/ccgleds_centro_de_estudios_2_diapo-1080x78.png 1080w\" sizes=\"(max-width: 550px) 100vw, 550px\" \/><\/h1>\n<p>&nbsp;<\/p>\n<p>[\/et_pb_slide][et_pb_slide background_position=\u00bbdefault\u00bb background_size=\u00bbcover\u00bb background_color=\u00bb#ffffff\u00bb use_bg_overlay=\u00bboff\u00bb use_text_overlay=\u00bboff\u00bb alignment=\u00bbcenter\u00bb background_layout=\u00bbdark\u00bb allow_player_pause=\u00bboff\u00bb text_border_radius=\u00bb3&#8243; header_font_select=\u00bbdefault\u00bb header_font=\u00bb||||\u00bb body_font_select=\u00bbdefault\u00bb body_font=\u00bb||||\u00bb custom_button=\u00bboff\u00bb button_font_select=\u00bbdefault\u00bb button_font=\u00bb||||\u00bb button_use_icon=\u00bbdefault\u00bb button_icon_placement=\u00bbright\u00bb button_on_hover=\u00bbon\u00bb background_image=\u00bbhttp:\/\/www.ccg.com.ar\/wp-content\/uploads\/2016\/12\/schneider_electric.jpg\u00bb image=\u00bbhttp:\/\/www.ccg.com.ar\/wp-content\/uploads\/2016\/12\/schneider_electric_diapo.png\u00bb] [\/et_pb_slide][et_pb_slide background_position=\u00bbdefault\u00bb background_size=\u00bbcover\u00bb background_color=\u00bb#ffffff\u00bb use_bg_overlay=\u00bboff\u00bb use_text_overlay=\u00bboff\u00bb alignment=\u00bbcenter\u00bb background_layout=\u00bbdark\u00bb allow_player_pause=\u00bboff\u00bb text_border_radius=\u00bb3&#8243; header_font_select=\u00bbdefault\u00bb header_font=\u00bb||||\u00bb body_font_select=\u00bbdefault\u00bb body_font=\u00bb||||\u00bb custom_button=\u00bboff\u00bb button_font_select=\u00bbdefault\u00bb button_font=\u00bb||||\u00bb button_use_icon=\u00bbdefault\u00bb button_icon_placement=\u00bbright\u00bb button_on_hover=\u00bbon\u00bb background_image=\u00bbhttp:\/\/www.ccg.com.ar\/wp-content\/uploads\/2016\/12\/reparacio\u0301n_equipos_ccg.jpg\u00bb image=\u00bbhttp:\/\/www.ccg.com.ar\/wp-content\/uploads\/2016\/12\/reparacio\u0301n_equipos_ccg-diapo.png\u00bb]<\/p>\n<h1 style=\"text-align: center;\"><\/h1>\n<p>&nbsp;<\/p>\n<p>&nbsp;<\/p>\n<p>&nbsp;<\/p>\n<p>[\/et_pb_slide] [\/et_pb_fullwidth_slider][\/et_pb_section][et_pb_section admin_label=\u00bbsection\u00bb transparent_background=\u00bboff\u00bb allow_player_pause=\u00bboff\u00bb inner_shadow=\u00bboff\u00bb parallax=\u00bboff\u00bb parallax_method=\u00bbon\u00bb padding_mobile=\u00bboff\u00bb make_fullwidth=\u00bboff\u00bb use_custom_width=\u00bboff\u00bb width_unit=\u00bboff\u00bb custom_width_px=\u00bb1080px\u00bb custom_width_percent=\u00bb80%\u00bb make_equal=\u00bboff\u00bb use_custom_gutter=\u00bboff\u00bb fullwidth=\u00bboff\u00bb specialty=\u00bboff\u00bb disabled=\u00bboff\u00bb][et_pb_row admin_label=\u00bbFila\u00bb make_fullwidth=\u00bboff\u00bb use_custom_width=\u00bboff\u00bb width_unit=\u00bboff\u00bb custom_width_px=\u00bb1080px\u00bb custom_width_percent=\u00bb80%\u00bb use_custom_gutter=\u00bboff\u00bb gutter_width=\u00bb3&#8243; padding_mobile=\u00bboff\u00bb allow_player_pause=\u00bboff\u00bb parallax=\u00bboff\u00bb parallax_method=\u00bbon\u00bb make_equal=\u00bboff\u00bb column_padding_mobile=\u00bbon\u00bb parallax_1=\u00bboff\u00bb parallax_method_1=\u00bbon\u00bb parallax_2=\u00bboff\u00bb parallax_method_2=\u00bbon\u00bb parallax_3=\u00bboff\u00bb parallax_method_3=\u00bbon\u00bb parallax_4=\u00bboff\u00bb parallax_method_4=\u00bbon\u00bb disabled=\u00bboff\u00bb][et_pb_column type=\u00bb4_4&#8243;][et_pb_text admin_label=\u00bbTexto\u00bb background_layout=\u00bblight\u00bb text_orientation=\u00bbcenter\u00bb use_border_color=\u00bboff\u00bb border_style=\u00bbsolid\u00bb disabled=\u00bboff\u00bb border_color=\u00bb#ffffff\u00bb text_line_height=\u00bb1.6em\u00bb]<\/p>\n<h2 style=\"text-align: left;\"><span style=\"color: #333333;\"><strong>\u232a EN CCG ELECTR\u00d3NICA<\/strong> <strong>INGENIER\u00cdA &amp; AUTOMATIZACI\u00d3N<\/strong><\/span><\/h2>\n<p align=\"justify\">Brindamos soluciones a problemas de automatizaci\u00f3n a las empresas que elaboran materia prima alimenticia y proveen equipamientos para su transformaci\u00f3n. Con m\u00e1s de 30 a\u00f1os de experiencia,\u00a0aplicamos\u00a0tecnolog\u00edas en diversas \u00e1reas en la medici\u00f3n y control de par\u00e1metros de producci\u00f3n, y elaboramos equipos electr\u00f3nicos de distintas caracter\u00edsticas, a medida de las necesidades del cliente y con los mejores est\u00e1ndares de fabricaci\u00f3n, calidad y performance. Adem\u00e1s ofrecemos servicios de reparaci\u00f3n de todos nuestros equipos y otros relacionados al montaje de placas y mecanizado de piezas.<\/p>\n<p align=\"justify\">En Argentina, somos Integradores\u00a0de Automatismos del <strong>Groupo Schneider <\/strong>para sus marcas <strong>Telemecanique, Modicon, Merlin Gerin y Square D<\/strong>. Proveemos la l\u00ednea de aut\u00f3matas industriales (PLC) programados a medida, variadores de velocidad, sensores de\u00a0proximidad, monitores de energ\u00eda, etc. Completando los automatismos interactivos, aplicamos Software de control y supervisi\u00f3n industrial (SCADA) de terceras partes y de producci\u00f3n propia.<\/p>\n<p>[\/et_pb_text][\/et_pb_column][\/et_pb_row][et_pb_row admin_label=\u00bbFila\u00bb make_fullwidth=\u00bboff\u00bb use_custom_width=\u00bboff\u00bb width_unit=\u00bboff\u00bb custom_width_px=\u00bb1080px\u00bb custom_width_percent=\u00bb80%\u00bb use_custom_gutter=\u00bboff\u00bb gutter_width=\u00bb3&#8243; padding_mobile=\u00bboff\u00bb allow_player_pause=\u00bboff\u00bb parallax=\u00bboff\u00bb parallax_method=\u00bbon\u00bb make_equal=\u00bboff\u00bb column_padding_mobile=\u00bbon\u00bb parallax_1=\u00bboff\u00bb parallax_method_1=\u00bbon\u00bb parallax_2=\u00bboff\u00bb parallax_method_2=\u00bbon\u00bb parallax_3=\u00bboff\u00bb parallax_method_3=\u00bbon\u00bb parallax_4=\u00bboff\u00bb parallax_method_4=\u00bbon\u00bb disabled=\u00bboff\u00bb][et_pb_column type=\u00bb4_4&#8243;][et_pb_divider admin_label=\u00bbSeparador\u00bb color=\u00bb#e5e5e5&#8243; show_divider=\u00bbon\u00bb divider_style=\u00bbsolid\u00bb divider_position=\u00bbtop\u00bb divider_weight=\u00bb1px\u00bb hide_on_mobile=\u00bbon\u00bb disabled=\u00bboff\u00bb] [\/et_pb_divider][\/et_pb_column][\/et_pb_row][et_pb_row admin_label=\u00bbFila\u00bb][et_pb_column type=\u00bb1_3&#8243;][et_pb_text admin_label=\u00bbTexto\u00bb background_layout=\u00bblight\u00bb text_orientation=\u00bbleft\u00bb use_border_color=\u00bboff\u00bb border_color=\u00bb#ffffff\u00bb border_style=\u00bbsolid\u00bb text_line_height=\u00bb1.6em\u00bb]<\/p>\n<h2>\u232a SERVICIO DE MONTAJE<\/h2>\n<h2>DE PLACAS<\/h2>\n<p align=\"justify\">Ofrecemos servicio de armado de plaquetas de manera r\u00e1pida y eficiente, con colocado autom\u00e1tico de componentes electr\u00f3nicos. Para ello, utilizamos maquinaria de \u00faltima generaci\u00f3n (Pick and Place) y realizamos las pruebas correspondientes para asegurar el correcto funcionamiento de las placas.<\/p>\n<p>[\/et_pb_text][\/et_pb_column][et_pb_column type=\u00bb2_3&#8243;][et_pb_video admin_label=\u00bbV\u00eddeo\u00bb src=\u00bbhttps:\/\/www.youtube.com\/watch?v=LM3b5jVVZV4&#8243;] [\/et_pb_video][\/et_pb_column][\/et_pb_row][et_pb_row admin_label=\u00bbFila\u00bb make_fullwidth=\u00bboff\u00bb use_custom_width=\u00bboff\u00bb width_unit=\u00bboff\u00bb custom_width_px=\u00bb1080px\u00bb custom_width_percent=\u00bb80%\u00bb use_custom_gutter=\u00bboff\u00bb gutter_width=\u00bb3&#8243; padding_mobile=\u00bboff\u00bb allow_player_pause=\u00bboff\u00bb parallax=\u00bboff\u00bb parallax_method=\u00bbon\u00bb make_equal=\u00bboff\u00bb column_padding_mobile=\u00bbon\u00bb parallax_1=\u00bboff\u00bb parallax_method_1=\u00bbon\u00bb parallax_2=\u00bboff\u00bb parallax_method_2=\u00bbon\u00bb parallax_3=\u00bboff\u00bb parallax_method_3=\u00bbon\u00bb parallax_4=\u00bboff\u00bb parallax_method_4=\u00bbon\u00bb disabled=\u00bboff\u00bb][et_pb_column type=\u00bb4_4&#8243;][et_pb_divider admin_label=\u00bbSeparador\u00bb color=\u00bb#e5e5e5&#8243; show_divider=\u00bbon\u00bb divider_style=\u00bbsolid\u00bb divider_position=\u00bbtop\u00bb divider_weight=\u00bb1px\u00bb hide_on_mobile=\u00bbon\u00bb disabled=\u00bboff\u00bb] [\/et_pb_divider][\/et_pb_column][\/et_pb_row][et_pb_row admin_label=\u00bbFila\u00bb make_fullwidth=\u00bboff\u00bb use_custom_width=\u00bboff\u00bb width_unit=\u00bbon\u00bb custom_width_px=\u00bb1080px\u00bb custom_width_percent=\u00bb80%\u00bb use_custom_gutter=\u00bboff\u00bb gutter_width=\u00bb3&#8243; padding_mobile=\u00bboff\u00bb allow_player_pause=\u00bboff\u00bb parallax=\u00bboff\u00bb parallax_method=\u00bboff\u00bb make_equal=\u00bboff\u00bb column_padding_mobile=\u00bbon\u00bb parallax_1=\u00bboff\u00bb parallax_method_1=\u00bboff\u00bb parallax_2=\u00bboff\u00bb parallax_method_2=\u00bboff\u00bb parallax_3=\u00bboff\u00bb parallax_method_3=\u00bbon\u00bb parallax_4=\u00bboff\u00bb parallax_method_4=\u00bbon\u00bb disabled=\u00bboff\u00bb][et_pb_column type=\u00bb1_3&#8243;][et_pb_text admin_label=\u00bbTexto\u00bb background_layout=\u00bblight\u00bb text_orientation=\u00bbleft\u00bb text_line_height=\u00bb1.6em\u00bb use_border_color=\u00bboff\u00bb border_style=\u00bbsolid\u00bb disabled=\u00bboff\u00bb border_color=\u00bb#ffffff\u00bb]<\/p>\n<h2 style=\"text-align: left;\"><span style=\"color: #333333;\"><strong>\u232aPRODUCTOS Y SERVICIOS<\/strong><\/span><\/h2>\n<p style=\"text-align: left;\" align=\"justify\">Aplicamos\u00a0tecnolog\u00edas en diversas \u00e1reas en la medici\u00f3n y control de par\u00e1metros de producci\u00f3n, y a elaborar equipos electr\u00f3nicos de distintas caracter\u00edsticas, con los mejores est\u00e1ndares de fabricaci\u00f3n, calidad y performance. Adem\u00e1s, todos nuestros productos poseen service oficial de reparaci\u00f3n y calibraci\u00f3n en nuestra casa central el Sunchales.<\/p>\n<p>[\/et_pb_text][et_pb_divider admin_label=\u00bbSeparador\u00bb color=\u00bb#d8d8d8&#8243; show_divider=\u00bbon\u00bb height=\u00bb13&#8243; divider_style=\u00bbsolid\u00bb divider_position=\u00bbtop\u00bb hide_on_mobile=\u00bbon\u00bb disabled=\u00bboff\u00bb] [\/et_pb_divider][et_pb_button admin_label=\u00bbBot\u00f3n\u00bb url_new_window=\u00bboff\u00bb button_text=\u00bbVisitar secci\u00f3n de cat\u00e1logos\u00bb button_alignment=\u00bbleft\u00bb background_layout=\u00bblight\u00bb custom_button=\u00bbon\u00bb button_text_color=\u00bb#ffffff\u00bb button_bg_color=\u00bb#ed1c24&#8243; button_border_width=\u00bb1px\u00bb button_border_color=\u00bb#ffffff\u00bb button_border_radius=\u00bb4px\u00bb button_letter_spacing=\u00bb0px\u00bb button_use_icon=\u00bbdefault\u00bb button_icon=\u00bb%%190%%\u00bb button_icon_placement=\u00bbright\u00bb button_on_hover=\u00bbon\u00bb button_border_radius_hover=\u00bb4&#8243; button_letter_spacing_hover=\u00bb0&#8243; disabled=\u00bboff\u00bb button_url=\u00bbhttp:\/\/www.ccg.com.ar\/catalogos\/\u00bb] [\/et_pb_button][\/et_pb_column][et_pb_column type=\u00bb2_3&#8243;][et_pb_slider admin_label=\u00bbDeslizador\u00bb show_arrows=\u00bbon\u00bb show_pagination=\u00bbon\u00bb auto=\u00bbon\u00bb auto_speed=\u00bb7000&#8243; auto_ignore_hover=\u00bboff\u00bb parallax=\u00bboff\u00bb parallax_method=\u00bboff\u00bb remove_inner_shadow=\u00bboff\u00bb background_position=\u00bbdefault\u00bb background_size=\u00bbdefault\u00bb hide_content_on_mobile=\u00bboff\u00bb hide_cta_on_mobile=\u00bboff\u00bb show_image_video_mobile=\u00bboff\u00bb custom_button=\u00bboff\u00bb button_letter_spacing=\u00bb0&#8243; button_use_icon=\u00bbdefault\u00bb button_icon_placement=\u00bbright\u00bb button_on_hover=\u00bbon\u00bb button_letter_spacing_hover=\u00bb0&#8243; disabled=\u00bboff\u00bb] [et_pb_slide background_image=\u00bbhttp:\/\/www.ccg.com.ar\/wp-content\/uploads\/2016\/12\/Diapo_CCG.jpg\u00bb background_position=\u00bbdefault\u00bb background_size=\u00bbcover\u00bb background_color=\u00bb#cccccc\u00bb use_bg_overlay=\u00bboff\u00bb use_text_overlay=\u00bboff\u00bb alignment=\u00bbcenter\u00bb background_layout=\u00bbdark\u00bb allow_player_pause=\u00bboff\u00bb text_border_radius=\u00bb3&#8243; header_font=\u00bb||||\u00bb body_font=\u00bb||||\u00bb custom_button=\u00bboff\u00bb button_font=\u00bb||||\u00bb button_use_icon=\u00bbdefault\u00bb button_icon_placement=\u00bbright\u00bb button_on_hover=\u00bbon\u00bb disabled=\u00bboff\u00bb header_font_select=\u00bbdefault\u00bb body_font_select=\u00bbdefault\u00bb button_font_select=\u00bbdefault\u00bb]<\/p>\n<h1 style=\"text-align: center;\"><\/h1>\n<h1 style=\"text-align: center;\"><\/h1>\n<h1 style=\"text-align: center;\"><\/h1>\n<h1 style=\"text-align: center;\"><\/h1>\n<h1 style=\"text-align: center;\"><\/h1>\n<p>&nbsp;<\/p>\n<p>&nbsp;<\/p>\n<p>&nbsp;<\/p>\n<p>[\/et_pb_slide][et_pb_slide button_link=\u00bb#\u00bb background_image=\u00bbhttp:\/\/www.ccg.com.ar\/wp-content\/uploads\/2017\/01\/20140312_212249-e1484045625447.jpg\u00bb background_position=\u00bbdefault\u00bb background_size=\u00bbcover\u00bb background_color=\u00bb#ffffff\u00bb use_bg_overlay=\u00bboff\u00bb use_text_overlay=\u00bboff\u00bb alignment=\u00bbcenter\u00bb background_layout=\u00bbdark\u00bb allow_player_pause=\u00bboff\u00bb text_border_radius=\u00bb3&#8243; header_font=\u00bb||||\u00bb body_font=\u00bb||||\u00bb custom_button=\u00bboff\u00bb button_font=\u00bb||||\u00bb button_use_icon=\u00bbdefault\u00bb button_icon_placement=\u00bbright\u00bb button_on_hover=\u00bbon\u00bb disabled=\u00bboff\u00bb header_font_select=\u00bbdefault\u00bb body_font_select=\u00bbdefault\u00bb button_font_select=\u00bbdefault\u00bb] [\/et_pb_slide][et_pb_slide background_image=\u00bbhttp:\/\/www.ccg.com.ar\/wp-content\/uploads\/2016\/12\/Diapo_schenider.jpg\u00bb background_position=\u00bbdefault\u00bb background_size=\u00bbcover\u00bb background_color=\u00bb#ffffff\u00bb use_bg_overlay=\u00bboff\u00bb use_text_overlay=\u00bboff\u00bb alignment=\u00bbcenter\u00bb background_layout=\u00bbdark\u00bb allow_player_pause=\u00bboff\u00bb text_border_radius=\u00bb3&#8243; header_font=\u00bb||||\u00bb body_font=\u00bb||||\u00bb custom_button=\u00bboff\u00bb button_font=\u00bb||||\u00bb button_use_icon=\u00bbdefault\u00bb button_icon_placement=\u00bbright\u00bb button_on_hover=\u00bbon\u00bb disabled=\u00bboff\u00bb header_font_select=\u00bbdefault\u00bb body_font_select=\u00bbdefault\u00bb button_font_select=\u00bbdefault\u00bb] [\/et_pb_slide] [\/et_pb_slider][\/et_pb_column][\/et_pb_row][\/et_pb_section][et_pb_section admin_label=\u00bbSecci\u00f3n\u00bb transparent_background=\u00bboff\u00bb allow_player_pause=\u00bboff\u00bb inner_shadow=\u00bboff\u00bb parallax=\u00bboff\u00bb parallax_method=\u00bboff\u00bb padding_mobile=\u00bboff\u00bb make_fullwidth=\u00bboff\u00bb use_custom_width=\u00bboff\u00bb width_unit=\u00bbon\u00bb custom_width_px=\u00bb1080px\u00bb custom_width_percent=\u00bb80%\u00bb make_equal=\u00bboff\u00bb use_custom_gutter=\u00bboff\u00bb fullwidth=\u00bbon\u00bb specialty=\u00bboff\u00bb disabled=\u00bboff\u00bb][et_pb_fullwidth_header admin_label=\u00bbT\u00edtulo de anchura completa\u00bb title=\u00bbALGUNOS DE NUESTROS CLIENTES\u00bb background_layout=\u00bblight\u00bb text_orientation=\u00bbcenter\u00bb header_fullscreen=\u00bboff\u00bb header_scroll_down=\u00bbon\u00bb scroll_down_icon=\u00bb%%8%%\u00bb scroll_down_icon_color=\u00bb#ffffff\u00bb title_font_color=\u00bb#ffffff\u00bb background_color=\u00bb#282828&#8243; parallax=\u00bboff\u00bb parallax_method=\u00bboff\u00bb content_orientation=\u00bbcenter\u00bb image_orientation=\u00bbcenter\u00bb custom_button_one=\u00bboff\u00bb button_one_letter_spacing=\u00bb0&#8243; button_one_use_icon=\u00bbdefault\u00bb button_one_icon_placement=\u00bbright\u00bb button_one_on_hover=\u00bbon\u00bb button_one_letter_spacing_hover=\u00bb0&#8243; custom_button_two=\u00bboff\u00bb button_two_letter_spacing=\u00bb0&#8243; button_two_use_icon=\u00bbdefault\u00bb button_two_icon_placement=\u00bbright\u00bb button_two_on_hover=\u00bbon\u00bb button_two_letter_spacing_hover=\u00bb0&#8243; disabled=\u00bboff\u00bb] [\/et_pb_fullwidth_header][\/et_pb_section][et_pb_section admin_label=\u00bbSecci\u00f3n\u00bb fullwidth=\u00bboff\u00bb specialty=\u00bboff\u00bb transparent_background=\u00bboff\u00bb allow_player_pause=\u00bboff\u00bb inner_shadow=\u00bboff\u00bb parallax=\u00bboff\u00bb parallax_method=\u00bboff\u00bb padding_mobile=\u00bboff\u00bb make_fullwidth=\u00bboff\u00bb use_custom_width=\u00bboff\u00bb width_unit=\u00bbon\u00bb make_equal=\u00bboff\u00bb use_custom_gutter=\u00bboff\u00bb][et_pb_row admin_label=\u00bbFila\u00bb make_fullwidth=\u00bboff\u00bb use_custom_width=\u00bbon\u00bb width_unit=\u00bbon\u00bb use_custom_gutter=\u00bboff\u00bb padding_mobile=\u00bboff\u00bb allow_player_pause=\u00bboff\u00bb parallax=\u00bboff\u00bb parallax_method=\u00bboff\u00bb make_equal=\u00bboff\u00bb parallax_1=\u00bboff\u00bb parallax_method_1=\u00bboff\u00bb column_padding_mobile=\u00bbon\u00bb custom_width_px=\u00bb1102px\u00bb][et_pb_column type=\u00bb4_4&#8243;][et_pb_slider admin_label=\u00bbDeslizador\u00bb show_arrows=\u00bboff\u00bb show_pagination=\u00bboff\u00bb auto=\u00bbon\u00bb auto_ignore_hover=\u00bboff\u00bb parallax=\u00bboff\u00bb parallax_method=\u00bboff\u00bb remove_inner_shadow=\u00bbon\u00bb background_position=\u00bbdefault\u00bb background_size=\u00bbdefault\u00bb hide_content_on_mobile=\u00bboff\u00bb hide_cta_on_mobile=\u00bboff\u00bb show_image_video_mobile=\u00bboff\u00bb custom_button=\u00bboff\u00bb button_letter_spacing=\u00bb0&#8243; button_use_icon=\u00bbdefault\u00bb button_icon_placement=\u00bbright\u00bb button_on_hover=\u00bbon\u00bb button_letter_spacing_hover=\u00bb0&#8243; auto_speed=\u00bb4000&#8243;] [et_pb_slide background_image=\u00bbhttp:\/\/www.ccg.com.ar\/wp-content\/uploads\/2016\/12\/logos-para-flash-01.jpg\u00bb background_position=\u00bbcenter\u00bb background_size=\u00bbcontain\u00bb background_color=\u00bb#ffffff\u00bb use_bg_overlay=\u00bboff\u00bb use_text_overlay=\u00bboff\u00bb alignment=\u00bbcenter\u00bb background_layout=\u00bbdark\u00bb allow_player_pause=\u00bboff\u00bb text_border_radius=\u00bb3&#8243; header_font_select=\u00bbdefault\u00bb header_font=\u00bb||||\u00bb body_font_select=\u00bbdefault\u00bb body_font=\u00bb||||\u00bb custom_button=\u00bboff\u00bb button_font_select=\u00bbdefault\u00bb button_font=\u00bb||||\u00bb button_use_icon=\u00bbdefault\u00bb button_icon_placement=\u00bbright\u00bb button_on_hover=\u00bbon\u00bb] [\/et_pb_slide][et_pb_slide background_image=\u00bbhttp:\/\/www.ccg.com.ar\/wp-content\/uploads\/2016\/12\/logos-para-flash-02.jpg\u00bb background_position=\u00bbcenter\u00bb background_size=\u00bbcontain\u00bb background_color=\u00bb#ffffff\u00bb use_bg_overlay=\u00bboff\u00bb use_text_overlay=\u00bboff\u00bb alignment=\u00bbcenter\u00bb background_layout=\u00bbdark\u00bb allow_player_pause=\u00bboff\u00bb text_border_radius=\u00bb3&#8243; header_font_select=\u00bbdefault\u00bb header_font=\u00bb||||\u00bb body_font_select=\u00bbdefault\u00bb body_font=\u00bb||||\u00bb custom_button=\u00bboff\u00bb button_font_select=\u00bbdefault\u00bb button_font=\u00bb||||\u00bb button_use_icon=\u00bbdefault\u00bb button_icon_placement=\u00bbright\u00bb button_on_hover=\u00bbon\u00bb] [\/et_pb_slide][et_pb_slide background_image=\u00bbhttp:\/\/www.ccg.com.ar\/wp-content\/uploads\/2016\/12\/logos-para-flash-03.jpg\u00bb background_position=\u00bbcenter\u00bb background_size=\u00bbcontain\u00bb background_color=\u00bb#ffffff\u00bb use_bg_overlay=\u00bboff\u00bb use_text_overlay=\u00bboff\u00bb alignment=\u00bbcenter\u00bb background_layout=\u00bbdark\u00bb allow_player_pause=\u00bboff\u00bb text_border_radius=\u00bb3&#8243; header_font_select=\u00bbdefault\u00bb header_font=\u00bb||||\u00bb body_font_select=\u00bbdefault\u00bb body_font=\u00bb||||\u00bb custom_button=\u00bboff\u00bb button_font_select=\u00bbdefault\u00bb button_font=\u00bb||||\u00bb button_use_icon=\u00bbdefault\u00bb button_icon_placement=\u00bbright\u00bb button_on_hover=\u00bbon\u00bb] [\/et_pb_slide] [\/et_pb_slider][\/et_pb_column][\/et_pb_row][\/et_pb_section]<\/p>\n","protected":false},"excerpt":{"rendered":"<p>[et_pb_section admin_label=\u00bbSecci\u00f3n\u00bb fullwidth=\u00bbon\u00bb specialty=\u00bboff\u00bb][et_pb_fullwidth_slider admin_label=\u00bbControl deslizante de anchura completa\u00bb show_arrows=\u00bbon\u00bb show_pagination=\u00bbon\u00bb auto=\u00bbon\u00bb auto_speed=\u00bb6000&#8243; auto_ignore_hover=\u00bboff\u00bb parallax=\u00bboff\u00bb parallax_method=\u00bboff\u00bb remove_inner_shadow=\u00bboff\u00bb background_position=\u00bbdefault\u00bb background_size=\u00bbdefault\u00bb hide_content_on_mobile=\u00bboff\u00bb hide_cta_on_mobile=\u00bboff\u00bb show_image_video_mobile=\u00bboff\u00bb custom_button=\u00bboff\u00bb button_letter_spacing=\u00bb0&#8243; button_use_icon=\u00bbdefault\u00bb button_icon_placement=\u00bbright\u00bb button_on_hover=\u00bbon\u00bb button_letter_spacing_hover=\u00bb0&#8243; disabled=\u00bboff\u00bb] [et_pb_slide background_image=\u00bbhttp:\/\/www.ccg.com.ar\/wp-content\/uploads\/2016\/12\/equipos_electronicos_ccg.jpg\u00bb background_position=\u00bbdefault\u00bb background_size=\u00bbcover\u00bb background_color=\u00bb#ffffff\u00bb use_bg_overlay=\u00bboff\u00bb use_text_overlay=\u00bboff\u00bb alignment=\u00bbcenter\u00bb background_layout=\u00bbdark\u00bb allow_player_pause=\u00bboff\u00bb text_border_radius=\u00bb3&#8243; header_font=\u00bb||||\u00bb body_font=\u00bb||||\u00bb custom_button=\u00bboff\u00bb button_font=\u00bb||||\u00bb button_use_icon=\u00bbdefault\u00bb button_icon_placement=\u00bbright\u00bb button_on_hover=\u00bbon\u00bb disabled=\u00bboff\u00bb header_font_select=\u00bbdefault\u00bb body_font_select=\u00bbdefault\u00bb button_font_select=\u00bbdefault\u00bb image=\u00bbhttp:\/\/www.ccg.com.ar\/wp-content\/uploads\/2016\/12\/equipos_electronicos_ccg_diapo.png\u00bb] [\/et_pb_slide][et_pb_slide background_image=\u00bbhttp:\/\/www.ccg.com.ar\/wp-content\/uploads\/2016\/12\/ccgleds_centro_de_estudios_2.jpg\u00bb background_position=\u00bbdefault\u00bb [&hellip;]<\/p>\n","protected":false},"author":1,"featured_media":0,"parent":0,"menu_order":0,"comment_status":"closed","ping_status":"closed","template":"","meta":[],"_links":{"self":[{"href":"http:\/\/www.ccg.com.ar\/index.php?rest_route=\/wp\/v2\/pages\/186"}],"collection":[{"href":"http:\/\/www.ccg.com.ar\/index.php?rest_route=\/wp\/v2\/pages"}],"about":[{"href":"http:\/\/www.ccg.com.ar\/index.php?rest_route=\/wp\/v2\/types\/page"}],"author":[{"embeddable":true,"href":"http:\/\/www.ccg.com.ar\/index.php?rest_route=\/wp\/v2\/users\/1"}],"replies":[{"embeddable":true,"href":"http:\/\/www.ccg.com.ar\/index.php?rest_route=%2Fwp%2Fv2%2Fcomments&post=186"}],"version-history":[{"count":162,"href":"http:\/\/www.ccg.com.ar\/index.php?rest_route=\/wp\/v2\/pages\/186\/revisions"}],"predecessor-version":[{"id":1144,"href":"http:\/\/www.ccg.com.ar\/index.php?rest_route=\/wp\/v2\/pages\/186\/revisions\/1144"}],"wp:attachment":[{"href":"http:\/\/www.ccg.com.ar\/index.php?rest_route=%2Fwp%2Fv2%2Fmedia&parent=186"}],"curies":[{"name":"wp","href":"https:\/\/api.w.org\/{rel}","templated":true}]}}