{"id":178,"date":"2016-12-14T18:44:54","date_gmt":"2016-12-14T18:44:54","guid":{"rendered":"http:\/\/www.ccg.com.ar\/?page_id=178"},"modified":"2022-03-30T06:13:02","modified_gmt":"2022-03-30T06:13:02","slug":"quienes-somos","status":"publish","type":"page","link":"http:\/\/www.ccg.com.ar\/?page_id=178","title":{"rendered":"QUIENES SOMOS"},"content":{"rendered":"<p>[et_pb_section admin_label=\u00bbsection\u00bb transparent_background=\u00bboff\u00bb allow_player_pause=\u00bboff\u00bb inner_shadow=\u00bboff\u00bb parallax=\u00bboff\u00bb parallax_method=\u00bboff\u00bb padding_mobile=\u00bboff\u00bb make_fullwidth=\u00bboff\u00bb use_custom_width=\u00bboff\u00bb width_unit=\u00bbon\u00bb make_equal=\u00bboff\u00bb use_custom_gutter=\u00bboff\u00bb][et_pb_row admin_label=\u00bbFila\u00bb make_fullwidth=\u00bbon\u00bb use_custom_width=\u00bboff\u00bb width_unit=\u00bbon\u00bb use_custom_gutter=\u00bboff\u00bb padding_mobile=\u00bboff\u00bb allow_player_pause=\u00bboff\u00bb parallax=\u00bboff\u00bb parallax_method=\u00bboff\u00bb make_equal=\u00bboff\u00bb parallax_1=\u00bboff\u00bb parallax_method_1=\u00bboff\u00bb parallax_2=\u00bboff\u00bb parallax_method_2=\u00bboff\u00bb column_padding_mobile=\u00bbon\u00bb][et_pb_column type=\u00bb1_2&#8243;][et_pb_text admin_label=\u00bbTexto\u00bb background_layout=\u00bblight\u00bb text_orientation=\u00bbleft\u00bb use_border_color=\u00bboff\u00bb border_color=\u00bb#ffffff\u00bb border_style=\u00bbsolid\u00bb text_line_height=\u00bb1.6em\u00bb]<\/p>\n<h1><span style=\"color: #ea1f1f;\">\u00a0\u232aQUIENES SOMOS<\/span><\/h1>\n<hr \/>\n<p align=\"justify\">Somos una empresa dedicada a brindar soluciones a problemas de automatizaci\u00f3n que surgen tanto en las empresas que elaboran la materia prima alimenticia, como en las que proveen equipamientos para dicha transformaci\u00f3n tales como aparatos de producci\u00f3n, equipamiento frigor\u00edfico, procesamiento de datos, etc.<\/p>\n<p align=\"justify\">Con m\u00e1s de 30 a\u00f1os de experiencia, en <strong>CCG Electr\u00f3nica S.A<\/strong>\u00a0aplicamos\u00a0tecnolog\u00edas en diversas \u00e1reas en la medici\u00f3n y control de par\u00e1metros de producci\u00f3n, y elaboramos equipos electr\u00f3nicos de distintas caracter\u00edsticas, con los mejores est\u00e1ndares de fabricaci\u00f3n, calidad y performance.<\/p>\n<h5><\/h5>\n<h5><strong>\u232a<\/strong> \u00bfPor qu\u00e9 elegir productos de <strong>CCG Electr\u00f3nica S.A<\/strong>?<\/h5>\n<h5><span style=\"color: #ea1f1f;\">\u2022<\/span> OFRECEMOS SOLUCIONES DE AUTOMATIZACI\u00d3N PERSONALIZADAS<\/h5>\n<h5><span style=\"color: #ea1f1f;\">\u2022<\/span>\u00a0 PRODUCTOS DE INDUSTRIA NACIONAL<\/h5>\n<h5><span style=\"color: #ea1f1f;\">\u2022\u00a0<\/span>\u00a0PRECIOS COMPETITIVOS<\/h5>\n<h5><span style=\"color: #ea1f1f;\">\u2022\u00a0<\/span>\u00a030 A\u00d1OS DE EXPERIENCIA<\/h5>\n<h5><span style=\"color: #ea1f1f;\">\u2022<\/span>\u00a0SERVICE EN ARGENTINA<\/h5>\n<h5><span style=\"color: #ea1f1f;\">\u2022\u00a0<\/span>GARANT\u00cdA ESCRITA<\/h5>\n<p>[\/et_pb_text][\/et_pb_column][et_pb_column type=\u00bb1_2&#8243;][et_pb_image admin_label=\u00bbImagen\u00bb src=\u00bbhttp:\/\/www.ccg.com.ar\/wp-content\/uploads\/2017\/01\/QUIENES-SOMOS.png\u00bb show_in_lightbox=\u00bboff\u00bb url_new_window=\u00bboff\u00bb use_overlay=\u00bboff\u00bb animation=\u00bbright\u00bb sticky=\u00bboff\u00bb align=\u00bbleft\u00bb force_fullwidth=\u00bboff\u00bb always_center_on_mobile=\u00bbon\u00bb use_border_color=\u00bboff\u00bb border_color=\u00bb#ffffff\u00bb border_style=\u00bbsolid\u00bb] [\/et_pb_image][\/et_pb_column][\/et_pb_row][\/et_pb_section]<\/p>\n","protected":false},"excerpt":{"rendered":"<p>[et_pb_section admin_label=\u00bbsection\u00bb transparent_background=\u00bboff\u00bb allow_player_pause=\u00bboff\u00bb inner_shadow=\u00bboff\u00bb parallax=\u00bboff\u00bb parallax_method=\u00bboff\u00bb padding_mobile=\u00bboff\u00bb make_fullwidth=\u00bboff\u00bb use_custom_width=\u00bboff\u00bb width_unit=\u00bbon\u00bb make_equal=\u00bboff\u00bb use_custom_gutter=\u00bboff\u00bb][et_pb_row admin_label=\u00bbFila\u00bb make_fullwidth=\u00bbon\u00bb use_custom_width=\u00bboff\u00bb width_unit=\u00bbon\u00bb use_custom_gutter=\u00bboff\u00bb padding_mobile=\u00bboff\u00bb allow_player_pause=\u00bboff\u00bb parallax=\u00bboff\u00bb parallax_method=\u00bboff\u00bb make_equal=\u00bboff\u00bb parallax_1=\u00bboff\u00bb parallax_method_1=\u00bboff\u00bb parallax_2=\u00bboff\u00bb parallax_method_2=\u00bboff\u00bb column_padding_mobile=\u00bbon\u00bb][et_pb_column type=\u00bb1_2&#8243;][et_pb_text admin_label=\u00bbTexto\u00bb background_layout=\u00bblight\u00bb text_orientation=\u00bbleft\u00bb use_border_color=\u00bboff\u00bb border_color=\u00bb#ffffff\u00bb border_style=\u00bbsolid\u00bb text_line_height=\u00bb1.6em\u00bb] \u00a0\u232aQUIENES SOMOS Somos una empresa dedicada a brindar soluciones a problemas de automatizaci\u00f3n que surgen tanto en las empresas [&hellip;]<\/p>\n","protected":false},"author":1,"featured_media":0,"parent":0,"menu_order":0,"comment_status":"closed","ping_status":"closed","template":"","meta":[],"_links":{"self":[{"href":"http:\/\/www.ccg.com.ar\/index.php?rest_route=\/wp\/v2\/pages\/178"}],"collection":[{"href":"http:\/\/www.ccg.com.ar\/index.php?rest_route=\/wp\/v2\/pages"}],"about":[{"href":"http:\/\/www.ccg.com.ar\/index.php?rest_route=\/wp\/v2\/types\/page"}],"author":[{"embeddable":true,"href":"http:\/\/www.ccg.com.ar\/index.php?rest_route=\/wp\/v2\/users\/1"}],"replies":[{"embeddable":true,"href":"http:\/\/www.ccg.com.ar\/index.php?rest_route=%2Fwp%2Fv2%2Fcomments&post=178"}],"version-history":[{"count":30,"href":"http:\/\/www.ccg.com.ar\/index.php?rest_route=\/wp\/v2\/pages\/178\/revisions"}],"predecessor-version":[{"id":1157,"href":"http:\/\/www.ccg.com.ar\/index.php?rest_route=\/wp\/v2\/pages\/178\/revisions\/1157"}],"wp:attachment":[{"href":"http:\/\/www.ccg.com.ar\/index.php?rest_route=%2Fwp%2Fv2%2Fmedia&parent=178"}],"curies":[{"name":"wp","href":"https:\/\/api.w.org\/{rel}","templated":true}]}}